{"id":174,"date":"2017-12-30T09:45:25","date_gmt":"2017-12-30T09:45:25","guid":{"rendered":"http:\/\/mostly-harmless.org\/?page_id=174"},"modified":"2019-08-17T15:41:16","modified_gmt":"2019-08-17T15:41:16","slug":"island-2016","status":"publish","type":"page","link":"https:\/\/mostly-harmless.org\/?page_id=174","title":{"rendered":"Cenote Diving Mexico 2019"},"content":{"rendered":"<div data-carousel-extra='{\"blog_id\":1,\"permalink\":\"https:\\\/\\\/mostly-harmless.org\\\/?page_id=174\"}' class=\"tiled-gallery type-rectangular\" data-original-width=\"1200\"><div class=\"gallery-row\" style=\"width: 1195px; height: 798px;\"><div class=\"gallery-group images-1\" style=\"width: 598px; height: 802px;\"><div class=\"tiled-gallery-item tiled-gallery-item-large\"><a href=\"https:\/\/mostly-harmless.org\/?attachment_id=1046\"><img loading=\"lazy\" decoding=\"async\" data-attachment-id=\"1046\" data-orig-file=\"https:\/\/mostly-harmless.org\/wp-content\/uploads\/2019\/08\/received_735852506849485.jpeg\" data-orig-size=\"1152,1548\" data-comments-opened=\"0\" data-image-meta=\"{&quot;aperture&quot;:&quot;0&quot;,&quot;credit&quot;:&quot;&quot;,&quot;camera&quot;:&quot;&quot;,&quot;caption&quot;:&quot;&quot;,&quot;created_timestamp&quot;:&quot;0&quot;,&quot;copyright&quot;:&quot;&quot;,&quot;focal_length&quot;:&quot;0&quot;,&quot;iso&quot;:&quot;0&quot;,&quot;shutter_speed&quot;:&quot;0&quot;,&quot;title&quot;:&quot;&quot;,&quot;orientation&quot;:&quot;0&quot;}\" data-image-title=\"Technical Sidemount Tag 1: Fitting\" data-image-description=\"&lt;p&gt;Technical Sidemount Tag 1: Fitting&lt;\/p&gt;\n\" data-medium-file=\"https:\/\/mostly-harmless.org\/wp-content\/uploads\/2019\/08\/received_735852506849485-223x300.jpeg\" data-large-file=\"https:\/\/mostly-harmless.org\/wp-content\/uploads\/2019\/08\/received_735852506849485-762x1024.jpeg\" src=\"https:\/\/mostly-harmless.org\/wp-content\/uploads\/2019\/08\/received_735852506849485-594x798.jpeg\" width=\"594\" height=\"798\" align=\"left\" title=\"Technical Sidemount Tag 1: Fitting\" \/><\/a><div class=\"tiled-gallery-caption\">Den gr\u00f6ssten Teil des ersten Tages haben wir mit Anpassungen vom equipment verbracht. R\u00fcckblickend sehr gut investierte Zeit! <\/div><\/div><\/div><div class=\"gallery-group images-1\" style=\"width: 597px; height: 802px;\"><div class=\"tiled-gallery-item tiled-gallery-item-large\"><a href=\"https:\/\/mostly-harmless.org\/?attachment_id=1047\"><img loading=\"lazy\" decoding=\"async\" data-attachment-id=\"1047\" data-orig-file=\"https:\/\/mostly-harmless.org\/wp-content\/uploads\/2019\/08\/received_2767678526595667.jpeg\" data-orig-size=\"1152,1548\" data-comments-opened=\"0\" data-image-meta=\"{&quot;aperture&quot;:&quot;0&quot;,&quot;credit&quot;:&quot;&quot;,&quot;camera&quot;:&quot;&quot;,&quot;caption&quot;:&quot;&quot;,&quot;created_timestamp&quot;:&quot;0&quot;,&quot;copyright&quot;:&quot;&quot;,&quot;focal_length&quot;:&quot;0&quot;,&quot;iso&quot;:&quot;0&quot;,&quot;shutter_speed&quot;:&quot;0&quot;,&quot;title&quot;:&quot;&quot;,&quot;orientation&quot;:&quot;0&quot;}\" data-image-title=\"Technical Sidemount Tag 1: Fitting\" data-image-description=\"&lt;p&gt;Technical Sidemount Tag 1: Fitting&lt;\/p&gt;\n\" data-medium-file=\"https:\/\/mostly-harmless.org\/wp-content\/uploads\/2019\/08\/received_2767678526595667-223x300.jpeg\" data-large-file=\"https:\/\/mostly-harmless.org\/wp-content\/uploads\/2019\/08\/received_2767678526595667-762x1024.jpeg\" src=\"https:\/\/mostly-harmless.org\/wp-content\/uploads\/2019\/08\/received_2767678526595667-593x798.jpeg\" width=\"593\" height=\"798\" align=\"left\" title=\"Technical Sidemount Tag 1: Fitting\" \/><\/a><div class=\"tiled-gallery-caption\">Alles schwarz damit man sofort sieht, dass ich ein \u00e4usserst professioneller tech diver bin \ud83d\ude09 <\/div><\/div><\/div><\/div><div class=\"gallery-row\" style=\"width: 1195px; height: 351px;\"><div class=\"gallery-group images-1\" style=\"width: 629px; height: 355px;\"><div class=\"tiled-gallery-item tiled-gallery-item-large\"><a href=\"https:\/\/mostly-harmless.org\/?attachment_id=1033\"><img loading=\"lazy\" decoding=\"async\" data-attachment-id=\"1033\" data-orig-file=\"https:\/\/mostly-harmless.org\/wp-content\/uploads\/2019\/08\/GH010469_1565661199714_high.jpg\" data-orig-size=\"1920,1080\" data-comments-opened=\"0\" data-image-meta=\"{&quot;aperture&quot;:&quot;0&quot;,&quot;credit&quot;:&quot;&quot;,&quot;camera&quot;:&quot;&quot;,&quot;caption&quot;:&quot;&quot;,&quot;created_timestamp&quot;:&quot;0&quot;,&quot;copyright&quot;:&quot;&quot;,&quot;focal_length&quot;:&quot;0&quot;,&quot;iso&quot;:&quot;0&quot;,&quot;shutter_speed&quot;:&quot;0&quot;,&quot;title&quot;:&quot;&quot;,&quot;orientation&quot;:&quot;0&quot;}\" data-image-title=\"Technical Sidemount Tag 1\" data-image-description=\"&lt;p&gt;Am Trim der Tanks muss noch gearbeitet werden, so dass sie sch\u00f6n horizontal im Wasser liegen. &lt;\/p&gt;\n\" data-medium-file=\"https:\/\/mostly-harmless.org\/wp-content\/uploads\/2019\/08\/GH010469_1565661199714_high-300x169.jpg\" data-large-file=\"https:\/\/mostly-harmless.org\/wp-content\/uploads\/2019\/08\/GH010469_1565661199714_high-1024x576.jpg\" src=\"https:\/\/mostly-harmless.org\/wp-content\/uploads\/2019\/08\/GH010469_1565661199714_high-625x351.jpg\" width=\"625\" height=\"351\" align=\"left\" title=\"Technical Sidemount Tag 1\" \/><\/a><div class=\"tiled-gallery-caption\">Technical Sidemount Tag 1<\/div><\/div><\/div><div class=\"gallery-group images-1\" style=\"width: 566px; height: 355px;\"><div class=\"tiled-gallery-item tiled-gallery-item-large\"><a href=\"https:\/\/mostly-harmless.org\/?attachment_id=1039\"><img loading=\"lazy\" decoding=\"async\" data-attachment-id=\"1039\" data-orig-file=\"https:\/\/mostly-harmless.org\/wp-content\/uploads\/2019\/08\/Screenshot_20190814-060745.png\" data-orig-size=\"2560,1600\" data-comments-opened=\"0\" data-image-meta=\"{&quot;aperture&quot;:&quot;0&quot;,&quot;credit&quot;:&quot;&quot;,&quot;camera&quot;:&quot;&quot;,&quot;caption&quot;:&quot;&quot;,&quot;created_timestamp&quot;:&quot;0&quot;,&quot;copyright&quot;:&quot;&quot;,&quot;focal_length&quot;:&quot;0&quot;,&quot;iso&quot;:&quot;0&quot;,&quot;shutter_speed&quot;:&quot;0&quot;,&quot;title&quot;:&quot;&quot;,&quot;orientation&quot;:&quot;0&quot;}\" data-image-title=\"Tag 2 Tank positioning\" data-image-description=\"\" data-medium-file=\"https:\/\/mostly-harmless.org\/wp-content\/uploads\/2019\/08\/Screenshot_20190814-060745-300x188.png\" data-large-file=\"https:\/\/mostly-harmless.org\/wp-content\/uploads\/2019\/08\/Screenshot_20190814-060745-1024x640.png\" src=\"https:\/\/mostly-harmless.org\/wp-content\/uploads\/2019\/08\/Screenshot_20190814-060745-562x351.png\" width=\"562\" height=\"351\" align=\"left\" title=\"Tag 2 Tank positioning\" \/><\/a><div class=\"tiled-gallery-caption\">Am zweiten Tag war ich sehr zufrieden mit der Position meiner Tanks. <\/div><\/div><\/div><\/div><div class=\"gallery-row\" style=\"width: 1195px; height: 451px;\"><div class=\"gallery-group images-1\" style=\"width: 726px; height: 455px;\"><div class=\"tiled-gallery-item tiled-gallery-item-large\"><a href=\"https:\/\/mostly-harmless.org\/?attachment_id=1040\"><img loading=\"lazy\" decoding=\"async\" data-attachment-id=\"1040\" data-orig-file=\"https:\/\/mostly-harmless.org\/wp-content\/uploads\/2019\/08\/Screenshot_20190814-060554.png\" data-orig-size=\"2560,1600\" data-comments-opened=\"0\" data-image-meta=\"{&quot;aperture&quot;:&quot;0&quot;,&quot;credit&quot;:&quot;&quot;,&quot;camera&quot;:&quot;&quot;,&quot;caption&quot;:&quot;&quot;,&quot;created_timestamp&quot;:&quot;0&quot;,&quot;copyright&quot;:&quot;&quot;,&quot;focal_length&quot;:&quot;0&quot;,&quot;iso&quot;:&quot;0&quot;,&quot;shutter_speed&quot;:&quot;0&quot;,&quot;title&quot;:&quot;&quot;,&quot;orientation&quot;:&quot;0&quot;}\" data-image-title=\"Tag 2 backfinning\" data-image-description=\"\" data-medium-file=\"https:\/\/mostly-harmless.org\/wp-content\/uploads\/2019\/08\/Screenshot_20190814-060554-300x188.png\" data-large-file=\"https:\/\/mostly-harmless.org\/wp-content\/uploads\/2019\/08\/Screenshot_20190814-060554-1024x640.png\" src=\"https:\/\/mostly-harmless.org\/wp-content\/uploads\/2019\/08\/Screenshot_20190814-060554-722x451.png\" width=\"722\" height=\"451\" align=\"left\" title=\"Tag 2 backfinning\" \/><\/a><div class=\"tiled-gallery-caption\">Mit zwei first stages ist mein setup sehr kopflastigen und die F\u00fcsse gehen im Ruhezustand bis zu 45 Grad in die Luft.<\/div><\/div><\/div><div class=\"gallery-group images-1\" style=\"width: 469px; height: 455px;\"><div class=\"tiled-gallery-item tiled-gallery-item-large\"><a href=\"https:\/\/mostly-harmless.org\/?attachment_id=1068\"><img loading=\"lazy\" decoding=\"async\" data-attachment-id=\"1068\" data-orig-file=\"https:\/\/mostly-harmless.org\/wp-content\/uploads\/2019\/08\/7895431286_23c29323d6_b.jpg\" data-orig-size=\"1024,995\" data-comments-opened=\"0\" data-image-meta=\"{&quot;aperture&quot;:&quot;0&quot;,&quot;credit&quot;:&quot;&quot;,&quot;camera&quot;:&quot;&quot;,&quot;caption&quot;:&quot;&quot;,&quot;created_timestamp&quot;:&quot;1346354000&quot;,&quot;copyright&quot;:&quot;&quot;,&quot;focal_length&quot;:&quot;0&quot;,&quot;iso&quot;:&quot;0&quot;,&quot;shutter_speed&quot;:&quot;0&quot;,&quot;title&quot;:&quot;&quot;,&quot;orientation&quot;:&quot;0&quot;}\" data-image-title=\"Cenote Angelita Querschnitt\" data-image-description=\"&lt;p&gt;Cenote Angelita Querschnitt &lt;\/p&gt;\n\" data-medium-file=\"https:\/\/mostly-harmless.org\/wp-content\/uploads\/2019\/08\/7895431286_23c29323d6_b-300x292.jpg\" data-large-file=\"https:\/\/mostly-harmless.org\/wp-content\/uploads\/2019\/08\/7895431286_23c29323d6_b-1024x995.jpg\" src=\"https:\/\/mostly-harmless.org\/wp-content\/uploads\/2019\/08\/7895431286_23c29323d6_b-465x451.jpg\" width=\"465\" height=\"451\" align=\"left\" title=\"Cenote Angelita Querschnitt\" \/><\/a><div class=\"tiled-gallery-caption\">(1) S\u00fcsswasser, (2) Schwefelwasserstoff, darunter ohne Nummer Salzwasser<\/div><\/div><\/div><\/div><div class=\"gallery-row\" style=\"width: 1195px; height: 536px;\"><div class=\"gallery-group images-2\" style=\"width: 477px; height: 540px;\"><div class=\"tiled-gallery-item tiled-gallery-item-large\"><a href=\"https:\/\/mostly-harmless.org\/?attachment_id=1061\"><img loading=\"lazy\" decoding=\"async\" data-attachment-id=\"1061\" data-orig-file=\"https:\/\/mostly-harmless.org\/wp-content\/uploads\/2019\/08\/GH010499_1566052719051_high-02.jpeg\" data-orig-size=\"1623,913\" data-comments-opened=\"0\" data-image-meta=\"{&quot;aperture&quot;:&quot;0&quot;,&quot;credit&quot;:&quot;&quot;,&quot;camera&quot;:&quot;&quot;,&quot;caption&quot;:&quot;&quot;,&quot;created_timestamp&quot;:&quot;0&quot;,&quot;copyright&quot;:&quot;&quot;,&quot;focal_length&quot;:&quot;0&quot;,&quot;iso&quot;:&quot;0&quot;,&quot;shutter_speed&quot;:&quot;0&quot;,&quot;title&quot;:&quot;&quot;,&quot;orientation&quot;:&quot;1&quot;}\" data-image-title=\"Cenote Angelita\" data-image-description=\"&lt;p&gt;Cenote Angelita&lt;\/p&gt;\n\" data-medium-file=\"https:\/\/mostly-harmless.org\/wp-content\/uploads\/2019\/08\/GH010499_1566052719051_high-02-300x169.jpeg\" data-large-file=\"https:\/\/mostly-harmless.org\/wp-content\/uploads\/2019\/08\/GH010499_1566052719051_high-02-1024x576.jpeg\" src=\"https:\/\/mostly-harmless.org\/wp-content\/uploads\/2019\/08\/GH010499_1566052719051_high-02-473x266.jpeg\" width=\"473\" height=\"266\" align=\"left\" title=\"Cenote Angelita\" \/><\/a><div class=\"tiled-gallery-caption\">Nick schwimmt \u00fcber einer Wolke aus kondensieren Schwefelwasserstoff hin zu den organischen \u00dcberresten, welche beim Einsturz der H\u00f6hle ins Wasser fielen. Das durch deren Abbau produzierte H2S ist bei den Dr\u00fccken, welche hier bei 30 m Tiefe herrschen, fl\u00fcssig. <\/div><\/div><div class=\"tiled-gallery-item tiled-gallery-item-large\"><a href=\"https:\/\/mostly-harmless.org\/?attachment_id=1062\"><img loading=\"lazy\" decoding=\"async\" data-attachment-id=\"1062\" data-orig-file=\"https:\/\/mostly-harmless.org\/wp-content\/uploads\/2019\/08\/GH010504_1566053099376_high-01.jpeg\" data-orig-size=\"1920,1080\" data-comments-opened=\"0\" data-image-meta=\"{&quot;aperture&quot;:&quot;0&quot;,&quot;credit&quot;:&quot;&quot;,&quot;camera&quot;:&quot;&quot;,&quot;caption&quot;:&quot;&quot;,&quot;created_timestamp&quot;:&quot;0&quot;,&quot;copyright&quot;:&quot;&quot;,&quot;focal_length&quot;:&quot;0&quot;,&quot;iso&quot;:&quot;0&quot;,&quot;shutter_speed&quot;:&quot;0&quot;,&quot;title&quot;:&quot;&quot;,&quot;orientation&quot;:&quot;1&quot;}\" data-image-title=\"Cenote Angelita\" data-image-description=\"&lt;p&gt;Cenote Angelita&lt;\/p&gt;\n\" data-medium-file=\"https:\/\/mostly-harmless.org\/wp-content\/uploads\/2019\/08\/GH010504_1566053099376_high-01-300x169.jpeg\" data-large-file=\"https:\/\/mostly-harmless.org\/wp-content\/uploads\/2019\/08\/GH010504_1566053099376_high-01-1024x576.jpeg\" src=\"https:\/\/mostly-harmless.org\/wp-content\/uploads\/2019\/08\/GH010504_1566053099376_high-01-473x266.jpeg\" width=\"473\" height=\"266\" align=\"left\" title=\"Cenote Angelita\" \/><\/a><div class=\"tiled-gallery-caption\">Teil der Insel im See aus Schwefelwasserstoff. <\/div><\/div><\/div><div class=\"gallery-group images-1\" style=\"width: 718px; height: 540px;\"><div class=\"tiled-gallery-item tiled-gallery-item-large\"><a href=\"https:\/\/mostly-harmless.org\/?attachment_id=1063\"><img loading=\"lazy\" decoding=\"async\" data-attachment-id=\"1063\" data-orig-file=\"https:\/\/mostly-harmless.org\/wp-content\/uploads\/2019\/08\/GOPR0509_1566049581310_high-01.jpeg\" data-orig-size=\"3562,2672\" data-comments-opened=\"0\" data-image-meta=\"{&quot;aperture&quot;:&quot;2.8&quot;,&quot;credit&quot;:&quot;&quot;,&quot;camera&quot;:&quot;HERO6 Black&quot;,&quot;caption&quot;:&quot;DCIM100GOPROGOPR0509.JPG&quot;,&quot;created_timestamp&quot;:&quot;1565964694&quot;,&quot;copyright&quot;:&quot;&quot;,&quot;focal_length&quot;:&quot;3&quot;,&quot;iso&quot;:&quot;2293&quot;,&quot;shutter_speed&quot;:&quot;0.033333333333333&quot;,&quot;title&quot;:&quot;DCIM100GOPROGOPR0509.JPG&quot;,&quot;orientation&quot;:&quot;1&quot;}\" data-image-title=\"Aktun-Ha\" data-image-description=\"&lt;p&gt;Aktun-Ha &#8220;carwash&#8221; &lt;\/p&gt;\n\" data-medium-file=\"https:\/\/mostly-harmless.org\/wp-content\/uploads\/2019\/08\/GOPR0509_1566049581310_high-01-300x225.jpeg\" data-large-file=\"https:\/\/mostly-harmless.org\/wp-content\/uploads\/2019\/08\/GOPR0509_1566049581310_high-01-1024x768.jpeg\" src=\"https:\/\/mostly-harmless.org\/wp-content\/uploads\/2019\/08\/GOPR0509_1566049581310_high-01-714x536.jpeg\" width=\"714\" height=\"536\" align=\"left\" title=\"Aktun-Ha\" \/><\/a><div class=\"tiled-gallery-caption\">Der Ausgang aus der Cavern. <\/div><\/div><\/div><\/div><\/div>\n","protected":false},"excerpt":{"rendered":"","protected":false},"author":1,"featured_media":0,"parent":1052,"menu_order":1,"comment_status":"closed","ping_status":"closed","template":"","meta":{"footnotes":""},"_links":{"self":[{"href":"https:\/\/mostly-harmless.org\/index.php?rest_route=\/wp\/v2\/pages\/174"}],"collection":[{"href":"https:\/\/mostly-harmless.org\/index.php?rest_route=\/wp\/v2\/pages"}],"about":[{"href":"https:\/\/mostly-harmless.org\/index.php?rest_route=\/wp\/v2\/types\/page"}],"author":[{"embeddable":true,"href":"https:\/\/mostly-harmless.org\/index.php?rest_route=\/wp\/v2\/users\/1"}],"replies":[{"embeddable":true,"href":"https:\/\/mostly-harmless.org\/index.php?rest_route=%2Fwp%2Fv2%2Fcomments&post=174"}],"version-history":[{"count":11,"href":"https:\/\/mostly-harmless.org\/index.php?rest_route=\/wp\/v2\/pages\/174\/revisions"}],"predecessor-version":[{"id":1072,"href":"https:\/\/mostly-harmless.org\/index.php?rest_route=\/wp\/v2\/pages\/174\/revisions\/1072"}],"up":[{"embeddable":true,"href":"https:\/\/mostly-harmless.org\/index.php?rest_route=\/wp\/v2\/pages\/1052"}],"wp:attachment":[{"href":"https:\/\/mostly-harmless.org\/index.php?rest_route=%2Fwp%2Fv2%2Fmedia&parent=174"}],"curies":[{"name":"wp","href":"https:\/\/api.w.org\/{rel}","templated":true}]}}