{"id":257,"date":"2018-01-01T17:16:39","date_gmt":"2018-01-01T17:16:39","guid":{"rendered":"http:\/\/mostly-harmless.org\/?page_id=257"},"modified":"2018-04-25T19:19:32","modified_gmt":"2018-04-25T19:19:32","slug":"lateinamerika-2018","status":"publish","type":"page","link":"https:\/\/mostly-harmless.org\/?page_id=257","title":{"rendered":"Lateinamerika 2018"},"content":{"rendered":"<p>Am 11.04.2018 geht es los nach Lateinamerika f\u00fcr ein halbes Jahr! Hier findet Ihr meine Reisekarte, im Blog Updates \u00fcber die Dinge, die ich erleben konnte und hoffentlich noch das eine oder andere sch\u00f6ne Photo.<\/p>\n<p>Ich freue mich \u00fcber Eure Nachrichten und Kommentare in den Kommentarfeldern!<\/p>\n<h2><a href=\"http:\/\/mostly-harmless.org\/?page_id=19\">Karte<\/a><\/h2>\n<h2><a href=\"http:\/\/mostly-harmless.org\/?page_id=224\">Blog<\/a><\/h2>\n<h2><a href=\"http:\/\/mostly-harmless.org\/?page_id=300\">Galerie<\/a><\/h2>\n<h2><a href=\"http:\/\/mostly-harmless.org\/?page_id=445\">Tauchvideos<\/a><\/h2>\n<p>&nbsp;<\/p>\n","protected":false},"excerpt":{"rendered":"<p>Am 11.04.2018 geht es los nach Lateinamerika f\u00fcr ein halbes Jahr! Hier findet Ihr meine Reisekarte, im Blog Updates \u00fcber die Dinge, die ich erleben konnte und hoffentlich noch das eine oder andere sch\u00f6ne Photo. Ich freue mich \u00fcber Eure Nachrichten und Kommentare in den Kommentarfeldern! Karte Blog Galerie Tauchvideos &nbsp;<\/p>\n","protected":false},"author":1,"featured_media":0,"parent":0,"menu_order":0,"comment_status":"closed","ping_status":"closed","template":"","meta":{"footnotes":""},"_links":{"self":[{"href":"https:\/\/mostly-harmless.org\/index.php?rest_route=\/wp\/v2\/pages\/257"}],"collection":[{"href":"https:\/\/mostly-harmless.org\/index.php?rest_route=\/wp\/v2\/pages"}],"about":[{"href":"https:\/\/mostly-harmless.org\/index.php?rest_route=\/wp\/v2\/types\/page"}],"author":[{"embeddable":true,"href":"https:\/\/mostly-harmless.org\/index.php?rest_route=\/wp\/v2\/users\/1"}],"replies":[{"embeddable":true,"href":"https:\/\/mostly-harmless.org\/index.php?rest_route=%2Fwp%2Fv2%2Fcomments&post=257"}],"version-history":[{"count":8,"href":"https:\/\/mostly-harmless.org\/index.php?rest_route=\/wp\/v2\/pages\/257\/revisions"}],"predecessor-version":[{"id":450,"href":"https:\/\/mostly-harmless.org\/index.php?rest_route=\/wp\/v2\/pages\/257\/revisions\/450"}],"wp:attachment":[{"href":"https:\/\/mostly-harmless.org\/index.php?rest_route=%2Fwp%2Fv2%2Fmedia&parent=257"}],"curies":[{"name":"wp","href":"https:\/\/api.w.org\/{rel}","templated":true}]}}